{"id":108369,"date":"2021-11-24T09:25:51","date_gmt":"2021-11-24T09:25:51","guid":{"rendered":"https:\/\/www.dfelectric.es\/integrated-quality-environmental-policy\/"},"modified":"2022-08-04T16:18:25","modified_gmt":"2022-08-04T16:18:25","slug":"politica-ambiental-de-calidad-integrada","status":"publish","type":"page","link":"https:\/\/www.dfelectric.es\/es\/politica-ambiental-de-calidad-integrada\/","title":{"rendered":"Pol\u00edtica ambiental de calidad integrada"},"content":{"rendered":"<div class=\"wpb-content-wrapper\"><p>[vc_row row_height_percent=\u00bb50&#8243; override_padding=\u00bbyes\u00bb h_padding=\u00bb2&#8243; top_padding=\u00bb3&#8243; bottom_padding=\u00bb3&#8243; back_color=\u00bbcolor-xsdn\u00bb back_image=\u00bb103330&#8243; back_position=\u00bbcenter center\u00bb parallax=\u00bbyes\u00bb kburns=\u00bbyes\u00bb overlay_color=\u00bbcolor-xsdn\u00bb overlay_alpha=\u00bb90&#8243; gutter_size=\u00bb3&#8243; column_width_percent=\u00bb100&#8243; shift_y=\u00bb0&#8243; z_index=\u00bb0&#8243; uncode_shortcode_id=\u00bb115248&#8243; back_color_type=\u00bbuncode-palette\u00bb overlay_color_type=\u00bbuncode-palette\u00bb][vc_column column_width_percent=\u00bb100&#8243; position_vertical=\u00bbbottom\u00bb gutter_size=\u00bb3&#8243; style=\u00bblight\u00bb overlay_alpha=\u00bb50&#8243; shift_x=\u00bb0&#8243; shift_y=\u00bb0&#8243; shift_y_down=\u00bb0&#8243; z_index=\u00bb0&#8243; medium_width=\u00bb0&#8243; mobile_width=\u00bb0&#8243; zoom_width=\u00bb0&#8243; zoom_height=\u00bb0&#8243; width=\u00bb1\/1&#8243; uncode_shortcode_id=\u00bb336726&#8243;][vc_custom_heading heading_semantic=\u00bbh1&#8243; text_font=\u00bbfont-762333&#8243; text_size=\u00bbfontsize-338686&#8243; text_weight=\u00bb900&#8243; text_height=\u00bbfontheight-179065&#8243; sub_reduced=\u00bbyes\u00bb uncode_shortcode_id=\u00bb173718&#8243;]Pol\u00edtica ambiental<br \/>\nde calidad integrada.[\/vc_custom_heading][\/vc_column][\/vc_row][vc_row row_height_percent=\u00bb0&#8243; override_padding=\u00bbyes\u00bb h_padding=\u00bb2&#8243; top_padding=\u00bb3&#8243; bottom_padding=\u00bb3&#8243; overlay_color=\u00bbcolor-xsdn\u00bb overlay_alpha=\u00bb70&#8243; gutter_size=\u00bb100&#8243; border_color=\u00bbcolor-gyho\u00bb border_style=\u00bbsolid\u00bb shift_y=\u00bb0&#8243; style=\u00bbinherited\u00bb row_name=\u00bbWelcome\u00bb css=\u00bb.vc_custom_1438176136018{border-bottom-width: 1px !important;}\u00bb][vc_column column_width_percent=\u00bb100&#8243; gutter_size=\u00bb1&#8243; overlay_alpha=\u00bb50&#8243; shift_x=\u00bb0&#8243; shift_y=\u00bb0&#8243; z_index=\u00bb0&#8243; medium_width=\u00bb0&#8243; width=\u00bb1\/1&#8243;][vc_column_text uncode_shortcode_id=\u00bb170577&#8243;]<strong>DF Electric<\/strong>, empresa dedicada al dise\u00f1o y fabricaci\u00f3n de fusibles, portafusibles, transformadores y comercializaci\u00f3n de equipos el\u00e9ctricos, tiene como principal objetivo la mejora continua y la satisfacci\u00f3n de nuestros clientes y proveedores, cumpliendo con los requisitos legales, reglamentarios y dem\u00e1s requisitos. Para llevar a cabo este cumplimiento, se apoya en el respeto por el medio ambiente y la preocupaci\u00f3n por la salud de las personas externas e internas.<\/p>\n<p>&nbsp;<\/p>\n<p>Para desarrollar este compromiso, la direcci\u00f3n se ha orientado a:<\/p>\n<p>A) Satisfacer integralmente las necesidades y expectativas de nuestros clientes, ser un fiel aliado en el cumplimiento de sus requerimientos desde la etapa de dise\u00f1o e innovaci\u00f3n, colaborando en la mejora continua de la protecci\u00f3n el\u00e9ctrica.<\/p>\n<p>B) Promover el respeto por el medio ambiente y el compromiso de mejora continua en las pr\u00e1cticas ambientales y de prevenci\u00f3n de la contaminaci\u00f3n.<\/p>\n<p>C) Incrementar la eficiencia y eficacia de nuestros procesos, reducir las incidencias, maximizar la rentabilidad y reducir los impactos ambientales y los riesgos humanos.<\/p>\n<p>d) Utilizar el presente documento como base para establecer los objetivos y metas previstos en los diferentes sistemas de gesti\u00f3n. Evaluar el contexto en el que se encuentra la organizaci\u00f3n y el impacto que genera en los diferentes grupos de inter\u00e9s. Desde la Direcci\u00f3n se identifican los riesgos y oportunidades que puedan surgir y se revisan anualmente los compromisos a nivel de Calidad y Medio Ambiente.<\/p>\n<p>e) Vincular a nuestros proveedores en nuestros procesos para incrementar su capacidad, fiabilidad, respeto al medio ambiente y cumplimiento de la normativa en materia de prevenci\u00f3n y riesgos. Aseg\u00farese de que nuestros proveedores no utilicen pr\u00e1cticas ilegales en la adquisici\u00f3n de materias primas utilizando la Plantilla de informes de minerales en conflicto (CMRT) como informe de declaraci\u00f3n.<\/p>\n<p>F) Implicar a todo el personal de DF Electric en promover el compromiso con la calidad, el respeto por el medio ambiente, la prevenci\u00f3n de riesgos y el trabajo en equipo, reconociendo su progreso y motiv\u00e1ndolos en el desarrollo continuo de su formaci\u00f3n.<\/p>\n<p>G) Utilizar los recursos de manera sostenible para mitigar los efectos del cambio clim\u00e1tico y garantizar una vida digna a las personas en las pr\u00f3ximas d\u00e9cadas<\/p>\n<p>H) El compromiso e implicaci\u00f3n del Consejero Delegado:<\/p>\n<p>\u2022 El liderazgo y difusi\u00f3n de todos los objetivos de la Compa\u00f1\u00eda.<br \/>\n\u2022 Cumplimiento global de los Sistemas de Calidad, Medio Ambiente y Prevenci\u00f3n de Riesgos.<br \/>\n\u2022 Impulsar los objetivos de desarrollo sostenible en la empresa.<br \/>\n\u2022 Proteja a las personas de la propagaci\u00f3n del virus COVID 19.<br \/>\n\u2022 Impulsar la digitalizaci\u00f3n y la econom\u00eda circular en el contexto global de la empresa.<br \/>\n\u2022Asignando los recursos necesarios para su correcto cumplimiento.<\/p>\n<p>&nbsp;<\/p>\n<p>El Consejero Delegado vela por que su pol\u00edtica sea conocida y asumida por todos los integrantes del <strong>DF Electric<\/strong>, y adem\u00e1s est\u00e1 disponible para consulta p\u00fablica.<\/p>\n<p>&nbsp;<\/p>\n<p><b>Jos\u00e9 Belver<br \/>\n<\/b><span class=\"Apple-converted-space\">Director General<br \/>\n<\/span><b><span class=\"Apple-converted-space\"><br \/>\n<\/span><\/b>Cornell\u00e0 de Llobregat (Barcelona)<span class=\"Apple-converted-space\"><br \/>\n<\/span>2022\/01\/14<span class=\"Apple-converted-space\">\u00a0<\/span><\/p>\n<p><span class=\"Apple-converted-space\">\u00a0<\/span>[\/vc_column_text][\/vc_column][\/vc_row]<\/p>\n<\/div>","protected":false},"excerpt":{"rendered":"<p>[vc_row row_height_percent=\u00bb50&#8243; override_padding=\u00bbyes\u00bb h_padding=\u00bb2&#8243; top_padding=\u00bb3&#8243; bottom_padding=\u00bb3&#8243; back_color=\u00bbcolor-xsdn\u00bb back_image=\u00bb103330&#8243; back_position=\u00bbcenter center\u00bb parallax=\u00bbyes\u00bb kburns=\u00bbyes\u00bb overlay_color=\u00bbcolor-xsdn\u00bb overlay_alpha=\u00bb90&#8243; gutter_size=\u00bb3&#8243; column_width_percent=\u00bb100&#8243; shift_y=\u00bb0&#8243; z_index=\u00bb0&#8243; uncode_shortcode_id=\u00bb115248&#8243; back_color_type=\u00bbuncode-palette\u00bb [&hellip;]<\/p>\n","protected":false},"author":1,"featured_media":106008,"parent":0,"menu_order":0,"comment_status":"closed","ping_status":"closed","template":"","meta":{"footnotes":""},"class_list":["post-108369","page","type-page","status-publish","has-post-thumbnail","hentry"],"yoast_head":"<!-- This site is optimized with the Yoast SEO plugin v27.4 - https:\/\/yoast.com\/product\/yoast-seo-wordpress\/ -->\n<title>Pol\u00edtica ambiental de calidad integrada - DF Electric | Smart solutions in electrical protection<\/title>\n<meta name=\"robots\" content=\"index, follow, max-snippet:-1, max-image-preview:large, max-video-preview:-1\" \/>\n<link rel=\"canonical\" href=\"https:\/\/www.dfelectric.es\/es\/politica-ambiental-de-calidad-integrada\/\" \/>\n<meta property=\"og:locale\" content=\"es_ES\" \/>\n<meta property=\"og:type\" content=\"article\" \/>\n<meta property=\"og:title\" content=\"Pol\u00edtica ambiental de calidad integrada - DF Electric | Smart solutions in electrical protection\" \/>\n<meta property=\"og:description\" content=\"[vc_row row_height_percent=\u00bb50&#8243; override_padding=\u00bbyes\u00bb h_padding=\u00bb2&#8243; top_padding=\u00bb3&#8243; bottom_padding=\u00bb3&#8243; back_color=\u00bbcolor-xsdn\u00bb back_image=\u00bb103330&#8243; back_position=\u00bbcenter center\u00bb parallax=\u00bbyes\u00bb kburns=\u00bbyes\u00bb overlay_color=\u00bbcolor-xsdn\u00bb overlay_alpha=\u00bb90&#8243; gutter_size=\u00bb3&#8243; column_width_percent=\u00bb100&#8243; shift_y=\u00bb0&#8243; z_index=\u00bb0&#8243; uncode_shortcode_id=\u00bb115248&#8243; back_color_type=\u00bbuncode-palette\u00bb [&hellip;]\" \/>\n<meta property=\"og:url\" content=\"https:\/\/www.dfelectric.es\/es\/politica-ambiental-de-calidad-integrada\/\" \/>\n<meta property=\"og:site_name\" content=\"DF Electric | Smart solutions in electrical protection\" \/>\n<meta property=\"article:modified_time\" content=\"2022-08-04T16:18:25+00:00\" \/>\n<meta property=\"og:image\" content=\"https:\/\/www.dfelectric.es\/wp-content\/uploads\/2021\/11\/company-integrated-quality-featured-image-dfelectric.jpg\" \/>\n\t<meta property=\"og:image:width\" content=\"1920\" \/>\n\t<meta property=\"og:image:height\" content=\"1280\" \/>\n\t<meta property=\"og:image:type\" content=\"image\/jpeg\" \/>\n<meta name=\"twitter:card\" content=\"summary_large_image\" \/>\n<meta name=\"twitter:label1\" content=\"Tiempo de lectura\" \/>\n\t<meta name=\"twitter:data1\" content=\"3 minutos\" \/>\n<script type=\"application\/ld+json\" class=\"yoast-schema-graph\">{\"@context\":\"https:\\\/\\\/schema.org\",\"@graph\":[{\"@type\":\"WebPage\",\"@id\":\"https:\\\/\\\/www.dfelectric.es\\\/es\\\/politica-ambiental-de-calidad-integrada\\\/\",\"url\":\"https:\\\/\\\/www.dfelectric.es\\\/es\\\/politica-ambiental-de-calidad-integrada\\\/\",\"name\":\"Pol\u00edtica ambiental de calidad integrada - DF Electric | Smart solutions in electrical protection\",\"isPartOf\":{\"@id\":\"https:\\\/\\\/www.dfelectric.es\\\/#website\"},\"primaryImageOfPage\":{\"@id\":\"https:\\\/\\\/www.dfelectric.es\\\/es\\\/politica-ambiental-de-calidad-integrada\\\/#primaryimage\"},\"image\":{\"@id\":\"https:\\\/\\\/www.dfelectric.es\\\/es\\\/politica-ambiental-de-calidad-integrada\\\/#primaryimage\"},\"thumbnailUrl\":\"https:\\\/\\\/www.dfelectric.es\\\/wp-content\\\/uploads\\\/2021\\\/11\\\/company-integrated-quality-featured-image-dfelectric.jpg\",\"datePublished\":\"2021-11-24T09:25:51+00:00\",\"dateModified\":\"2022-08-04T16:18:25+00:00\",\"breadcrumb\":{\"@id\":\"https:\\\/\\\/www.dfelectric.es\\\/es\\\/politica-ambiental-de-calidad-integrada\\\/#breadcrumb\"},\"inLanguage\":\"es\",\"potentialAction\":[{\"@type\":\"ReadAction\",\"target\":[\"https:\\\/\\\/www.dfelectric.es\\\/es\\\/politica-ambiental-de-calidad-integrada\\\/\"]}]},{\"@type\":\"ImageObject\",\"inLanguage\":\"es\",\"@id\":\"https:\\\/\\\/www.dfelectric.es\\\/es\\\/politica-ambiental-de-calidad-integrada\\\/#primaryimage\",\"url\":\"https:\\\/\\\/www.dfelectric.es\\\/wp-content\\\/uploads\\\/2021\\\/11\\\/company-integrated-quality-featured-image-dfelectric.jpg\",\"contentUrl\":\"https:\\\/\\\/www.dfelectric.es\\\/wp-content\\\/uploads\\\/2021\\\/11\\\/company-integrated-quality-featured-image-dfelectric.jpg\",\"width\":1920,\"height\":1280},{\"@type\":\"BreadcrumbList\",\"@id\":\"https:\\\/\\\/www.dfelectric.es\\\/es\\\/politica-ambiental-de-calidad-integrada\\\/#breadcrumb\",\"itemListElement\":[{\"@type\":\"ListItem\",\"position\":1,\"name\":\"Home\",\"item\":\"https:\\\/\\\/www.dfelectric.es\\\/es\\\/\"},{\"@type\":\"ListItem\",\"position\":2,\"name\":\"Pol\u00edtica ambiental de calidad integrada\"}]},{\"@type\":\"WebSite\",\"@id\":\"https:\\\/\\\/www.dfelectric.es\\\/#website\",\"url\":\"https:\\\/\\\/www.dfelectric.es\\\/\",\"name\":\"DF Electric | Smart solutions in electrical protection\",\"description\":\"Fuse links and fuse holders manufacturer\",\"publisher\":{\"@id\":\"https:\\\/\\\/www.dfelectric.es\\\/#organization\"},\"potentialAction\":[{\"@type\":\"SearchAction\",\"target\":{\"@type\":\"EntryPoint\",\"urlTemplate\":\"https:\\\/\\\/www.dfelectric.es\\\/?s={search_term_string}\"},\"query-input\":{\"@type\":\"PropertyValueSpecification\",\"valueRequired\":true,\"valueName\":\"search_term_string\"}}],\"inLanguage\":\"es\"},{\"@type\":\"Organization\",\"@id\":\"https:\\\/\\\/www.dfelectric.es\\\/#organization\",\"name\":\"DF Electric | Smart solutions in electrical protection\",\"url\":\"https:\\\/\\\/www.dfelectric.es\\\/\",\"logo\":{\"@type\":\"ImageObject\",\"inLanguage\":\"es\",\"@id\":\"https:\\\/\\\/www.dfelectric.es\\\/#\\\/schema\\\/logo\\\/image\\\/\",\"url\":\"https:\\\/\\\/www.dfelectric.es\\\/wp-content\\\/uploads\\\/2020\\\/10\\\/logo-dfelectric-retina.png\",\"contentUrl\":\"https:\\\/\\\/www.dfelectric.es\\\/wp-content\\\/uploads\\\/2020\\\/10\\\/logo-dfelectric-retina.png\",\"width\":600,\"height\":252,\"caption\":\"DF Electric | Smart solutions in electrical protection\"},\"image\":{\"@id\":\"https:\\\/\\\/www.dfelectric.es\\\/#\\\/schema\\\/logo\\\/image\\\/\"}}]}<\/script>\n<!-- \/ Yoast SEO plugin. -->","yoast_head_json":{"title":"Pol\u00edtica ambiental de calidad integrada - DF Electric | Smart solutions in electrical protection","robots":{"index":"index","follow":"follow","max-snippet":"max-snippet:-1","max-image-preview":"max-image-preview:large","max-video-preview":"max-video-preview:-1"},"canonical":"https:\/\/www.dfelectric.es\/es\/politica-ambiental-de-calidad-integrada\/","og_locale":"es_ES","og_type":"article","og_title":"Pol\u00edtica ambiental de calidad integrada - DF Electric | Smart solutions in electrical protection","og_description":"[vc_row row_height_percent=\u00bb50&#8243; override_padding=\u00bbyes\u00bb h_padding=\u00bb2&#8243; top_padding=\u00bb3&#8243; bottom_padding=\u00bb3&#8243; back_color=\u00bbcolor-xsdn\u00bb back_image=\u00bb103330&#8243; back_position=\u00bbcenter center\u00bb parallax=\u00bbyes\u00bb kburns=\u00bbyes\u00bb overlay_color=\u00bbcolor-xsdn\u00bb overlay_alpha=\u00bb90&#8243; gutter_size=\u00bb3&#8243; column_width_percent=\u00bb100&#8243; shift_y=\u00bb0&#8243; z_index=\u00bb0&#8243; uncode_shortcode_id=\u00bb115248&#8243; back_color_type=\u00bbuncode-palette\u00bb [&hellip;]","og_url":"https:\/\/www.dfelectric.es\/es\/politica-ambiental-de-calidad-integrada\/","og_site_name":"DF Electric | Smart solutions in electrical protection","article_modified_time":"2022-08-04T16:18:25+00:00","og_image":[{"width":1920,"height":1280,"url":"https:\/\/www.dfelectric.es\/wp-content\/uploads\/2021\/11\/company-integrated-quality-featured-image-dfelectric.jpg","type":"image\/jpeg"}],"twitter_card":"summary_large_image","twitter_misc":{"Tiempo de lectura":"3 minutos"},"schema":{"@context":"https:\/\/schema.org","@graph":[{"@type":"WebPage","@id":"https:\/\/www.dfelectric.es\/es\/politica-ambiental-de-calidad-integrada\/","url":"https:\/\/www.dfelectric.es\/es\/politica-ambiental-de-calidad-integrada\/","name":"Pol\u00edtica ambiental de calidad integrada - DF Electric | Smart solutions in electrical protection","isPartOf":{"@id":"https:\/\/www.dfelectric.es\/#website"},"primaryImageOfPage":{"@id":"https:\/\/www.dfelectric.es\/es\/politica-ambiental-de-calidad-integrada\/#primaryimage"},"image":{"@id":"https:\/\/www.dfelectric.es\/es\/politica-ambiental-de-calidad-integrada\/#primaryimage"},"thumbnailUrl":"https:\/\/www.dfelectric.es\/wp-content\/uploads\/2021\/11\/company-integrated-quality-featured-image-dfelectric.jpg","datePublished":"2021-11-24T09:25:51+00:00","dateModified":"2022-08-04T16:18:25+00:00","breadcrumb":{"@id":"https:\/\/www.dfelectric.es\/es\/politica-ambiental-de-calidad-integrada\/#breadcrumb"},"inLanguage":"es","potentialAction":[{"@type":"ReadAction","target":["https:\/\/www.dfelectric.es\/es\/politica-ambiental-de-calidad-integrada\/"]}]},{"@type":"ImageObject","inLanguage":"es","@id":"https:\/\/www.dfelectric.es\/es\/politica-ambiental-de-calidad-integrada\/#primaryimage","url":"https:\/\/www.dfelectric.es\/wp-content\/uploads\/2021\/11\/company-integrated-quality-featured-image-dfelectric.jpg","contentUrl":"https:\/\/www.dfelectric.es\/wp-content\/uploads\/2021\/11\/company-integrated-quality-featured-image-dfelectric.jpg","width":1920,"height":1280},{"@type":"BreadcrumbList","@id":"https:\/\/www.dfelectric.es\/es\/politica-ambiental-de-calidad-integrada\/#breadcrumb","itemListElement":[{"@type":"ListItem","position":1,"name":"Home","item":"https:\/\/www.dfelectric.es\/es\/"},{"@type":"ListItem","position":2,"name":"Pol\u00edtica ambiental de calidad integrada"}]},{"@type":"WebSite","@id":"https:\/\/www.dfelectric.es\/#website","url":"https:\/\/www.dfelectric.es\/","name":"DF Electric | Smart solutions in electrical protection","description":"Fuse links and fuse holders manufacturer","publisher":{"@id":"https:\/\/www.dfelectric.es\/#organization"},"potentialAction":[{"@type":"SearchAction","target":{"@type":"EntryPoint","urlTemplate":"https:\/\/www.dfelectric.es\/?s={search_term_string}"},"query-input":{"@type":"PropertyValueSpecification","valueRequired":true,"valueName":"search_term_string"}}],"inLanguage":"es"},{"@type":"Organization","@id":"https:\/\/www.dfelectric.es\/#organization","name":"DF Electric | Smart solutions in electrical protection","url":"https:\/\/www.dfelectric.es\/","logo":{"@type":"ImageObject","inLanguage":"es","@id":"https:\/\/www.dfelectric.es\/#\/schema\/logo\/image\/","url":"https:\/\/www.dfelectric.es\/wp-content\/uploads\/2020\/10\/logo-dfelectric-retina.png","contentUrl":"https:\/\/www.dfelectric.es\/wp-content\/uploads\/2020\/10\/logo-dfelectric-retina.png","width":600,"height":252,"caption":"DF Electric | Smart solutions in electrical protection"},"image":{"@id":"https:\/\/www.dfelectric.es\/#\/schema\/logo\/image\/"}}]}},"_links":{"self":[{"href":"https:\/\/www.dfelectric.es\/es\/wp-json\/wp\/v2\/pages\/108369","targetHints":{"allow":["GET"]}}],"collection":[{"href":"https:\/\/www.dfelectric.es\/es\/wp-json\/wp\/v2\/pages"}],"about":[{"href":"https:\/\/www.dfelectric.es\/es\/wp-json\/wp\/v2\/types\/page"}],"author":[{"embeddable":true,"href":"https:\/\/www.dfelectric.es\/es\/wp-json\/wp\/v2\/users\/1"}],"replies":[{"embeddable":true,"href":"https:\/\/www.dfelectric.es\/es\/wp-json\/wp\/v2\/comments?post=108369"}],"version-history":[{"count":0,"href":"https:\/\/www.dfelectric.es\/es\/wp-json\/wp\/v2\/pages\/108369\/revisions"}],"wp:featuredmedia":[{"embeddable":true,"href":"https:\/\/www.dfelectric.es\/es\/wp-json\/wp\/v2\/media\/106008"}],"wp:attachment":[{"href":"https:\/\/www.dfelectric.es\/es\/wp-json\/wp\/v2\/media?parent=108369"}],"curies":[{"name":"wp","href":"https:\/\/api.w.org\/{rel}","templated":true}]}}