{"id":108365,"date":"2021-11-24T09:14:44","date_gmt":"2021-11-24T09:14:44","guid":{"rendered":"https:\/\/www.dfelectric.es\/legal-notice\/"},"modified":"2022-08-04T16:02:22","modified_gmt":"2022-08-04T16:02:22","slug":"nota-legal","status":"publish","type":"page","link":"https:\/\/www.dfelectric.es\/es\/nota-legal\/","title":{"rendered":"Nota legal"},"content":{"rendered":"<div class=\"wpb-content-wrapper\"><p>[vc_row row_height_percent=\u00bb50&#8243; override_padding=\u00bbyes\u00bb h_padding=\u00bb2&#8243; top_padding=\u00bb3&#8243; bottom_padding=\u00bb3&#8243; back_color=\u00bbcolor-xsdn\u00bb back_image=\u00bb103328&#8243; back_position=\u00bbcenter center\u00bb parallax=\u00bbyes\u00bb kburns=\u00bbyes\u00bb overlay_color=\u00bbcolor-xsdn\u00bb overlay_alpha=\u00bb90&#8243; gutter_size=\u00bb3&#8243; column_width_percent=\u00bb100&#8243; shift_y=\u00bb0&#8243; z_index=\u00bb0&#8243; uncode_shortcode_id=\u00bb210380&#8243; back_color_type=\u00bbuncode-palette\u00bb overlay_color_type=\u00bbuncode-palette\u00bb][vc_column column_width_percent=\u00bb100&#8243; position_vertical=\u00bbbottom\u00bb gutter_size=\u00bb3&#8243; style=\u00bblight\u00bb overlay_alpha=\u00bb50&#8243; shift_x=\u00bb0&#8243; shift_y=\u00bb0&#8243; shift_y_down=\u00bb0&#8243; z_index=\u00bb0&#8243; medium_width=\u00bb0&#8243; mobile_width=\u00bb0&#8243; zoom_width=\u00bb0&#8243; zoom_height=\u00bb0&#8243; width=\u00bb1\/1&#8243; uncode_shortcode_id=\u00bb336726&#8243;][vc_custom_heading heading_semantic=\u00bbh1&#8243; text_font=\u00bbfont-762333&#8243; text_size=\u00bbfontsize-338686&#8243; text_weight=\u00bb900&#8243; text_height=\u00bbfontheight-179065&#8243; sub_reduced=\u00bbyes\u00bb uncode_shortcode_id=\u00bb216717&#8243;]Nota<\/p>\n<p>legal.[\/vc_custom_heading][\/vc_column][\/vc_row][vc_row row_height_percent=\u00bb0&#8243; override_padding=\u00bbyes\u00bb h_padding=\u00bb2&#8243; top_padding=\u00bb3&#8243; bottom_padding=\u00bb3&#8243; overlay_color=\u00bbcolor-xsdn\u00bb overlay_alpha=\u00bb70&#8243; gutter_size=\u00bb100&#8243; border_color=\u00bbcolor-gyho\u00bb border_style=\u00bbsolid\u00bb shift_y=\u00bb0&#8243; style=\u00bbinherited\u00bb row_name=\u00bbWelcome\u00bb css=\u00bb.vc_custom_1438176136018{border-bottom-width: 1px !important;}\u00bb][vc_column column_width_percent=\u00bb100&#8243; gutter_size=\u00bb1&#8243; overlay_alpha=\u00bb50&#8243; shift_x=\u00bb0&#8243; shift_y=\u00bb0&#8243; z_index=\u00bb0&#8243; medium_width=\u00bb0&#8243; width=\u00bb1\/1&#8243;][vc_column_text uncode_shortcode_id=\u00bb183570&#8243;]<\/p>\n<h2><strong>Informaci\u00f3n general<\/strong><\/h2>\n<p>El titular del sitio web http:\/\/dfelectric.es es DF Electric, S.A., con NIF A58480385 y domicilio sito en Calle SILICI, 67-6, 08940, CORNELLA DE LLOBREGAT, (Barcelona). La entidad se encuentra inscrita en el Registro Mercantil con los siguientes datos registrales: Barcelona Folio 131, Tomo 23788, Hoja B-60782.<\/p>\n<p>Con el \u00e1nimo de que el uso del sitio web se ajuste a criterios de transparencia, claridad y sencillez, DF Electric, S.A. informa al usuario que cualquier sugerencia, duda o consulta sobre este Aviso Legal o cualquier otro documento informativo del sitio web ser\u00e1 recibida y resuelto contactando con DF Electric, S.A. a trav\u00e9s de la direcci\u00f3n de correo electr\u00f3nico: carles.pascual@df-sa.es<\/p>\n<p>&nbsp;<\/p>\n<h2><strong>Propiedad intelectual<\/strong><\/h2>\n<p>Todos los contenidos que se muestran en este sitio web, y en especial los dise\u00f1os, textos, im\u00e1genes, logos, iconos, nombres comerciales, marcas, o cualquier otra informaci\u00f3n susceptible de explotaci\u00f3n industrial y\/o comercial est\u00e1n protegidos por los correspondientes derechos de autor, no permiti\u00e9ndose su reproducci\u00f3n, transmisi\u00f3n, o el registro de sus datos salvo autorizaci\u00f3n previa del titular, DF Electric, S.A. No obstante, el usuario podr\u00e1 utilizar los datos facilitados para gestionar su pedido y los datos de contacto correspondientes.<\/p>\n<p>&nbsp;<\/p>\n<h2><strong>Enlaces<\/strong><\/h2>\n<p>DF Electric, S.A. no asume responsabilidad alguna por los enlaces a otros sitios o p\u00e1ginas web que, en su caso, se puedan incluir en su propio sitio web, ya que no tiene control sobre los mismos, entendi\u00e9ndose que el usuario accede a estos contenidos bajo su exclusiva responsabilidad. responsabilidad y las condiciones de uso que rijan en el mismo.[\/vc_column_text][\/vc_column][\/vc_row]<\/p>\n<\/div>","protected":false},"excerpt":{"rendered":"<p>[vc_row row_height_percent=\u00bb50&#8243; override_padding=\u00bbyes\u00bb h_padding=\u00bb2&#8243; top_padding=\u00bb3&#8243; bottom_padding=\u00bb3&#8243; back_color=\u00bbcolor-xsdn\u00bb back_image=\u00bb103328&#8243; back_position=\u00bbcenter center\u00bb parallax=\u00bbyes\u00bb kburns=\u00bbyes\u00bb overlay_color=\u00bbcolor-xsdn\u00bb overlay_alpha=\u00bb90&#8243; gutter_size=\u00bb3&#8243; column_width_percent=\u00bb100&#8243; shift_y=\u00bb0&#8243; z_index=\u00bb0&#8243; uncode_shortcode_id=\u00bb210380&#8243; back_color_type=\u00bbuncode-palette\u00bb [&hellip;]<\/p>\n","protected":false},"author":1,"featured_media":106007,"parent":0,"menu_order":0,"comment_status":"closed","ping_status":"closed","template":"","meta":{"footnotes":""},"class_list":["post-108365","page","type-page","status-publish","has-post-thumbnail","hentry"],"yoast_head":"<!-- This site is optimized with the Yoast SEO plugin v27.4 - https:\/\/yoast.com\/product\/yoast-seo-wordpress\/ -->\n<title>Nota legal - DF Electric | Smart solutions in electrical protection<\/title>\n<meta name=\"robots\" content=\"index, follow, max-snippet:-1, max-image-preview:large, max-video-preview:-1\" \/>\n<link rel=\"canonical\" href=\"https:\/\/www.dfelectric.es\/es\/nota-legal\/\" \/>\n<meta property=\"og:locale\" content=\"es_ES\" \/>\n<meta property=\"og:type\" content=\"article\" \/>\n<meta property=\"og:title\" content=\"Nota legal - DF Electric | Smart solutions in electrical protection\" \/>\n<meta property=\"og:description\" content=\"[vc_row row_height_percent=\u00bb50&#8243; override_padding=\u00bbyes\u00bb h_padding=\u00bb2&#8243; top_padding=\u00bb3&#8243; bottom_padding=\u00bb3&#8243; back_color=\u00bbcolor-xsdn\u00bb back_image=\u00bb103328&#8243; back_position=\u00bbcenter center\u00bb parallax=\u00bbyes\u00bb kburns=\u00bbyes\u00bb overlay_color=\u00bbcolor-xsdn\u00bb overlay_alpha=\u00bb90&#8243; gutter_size=\u00bb3&#8243; column_width_percent=\u00bb100&#8243; shift_y=\u00bb0&#8243; z_index=\u00bb0&#8243; uncode_shortcode_id=\u00bb210380&#8243; back_color_type=\u00bbuncode-palette\u00bb [&hellip;]\" \/>\n<meta property=\"og:url\" content=\"https:\/\/www.dfelectric.es\/es\/nota-legal\/\" \/>\n<meta property=\"og:site_name\" content=\"DF Electric | Smart solutions in electrical protection\" \/>\n<meta property=\"article:modified_time\" content=\"2022-08-04T16:02:22+00:00\" \/>\n<meta property=\"og:image\" content=\"https:\/\/www.dfelectric.es\/wp-content\/uploads\/2021\/11\/company-legal-note-featured-image-dfelectric.jpg\" \/>\n\t<meta property=\"og:image:width\" content=\"1920\" \/>\n\t<meta property=\"og:image:height\" content=\"1280\" \/>\n\t<meta property=\"og:image:type\" content=\"image\/jpeg\" \/>\n<meta name=\"twitter:card\" content=\"summary_large_image\" \/>\n<meta name=\"twitter:label1\" content=\"Tiempo de lectura\" \/>\n\t<meta name=\"twitter:data1\" content=\"2 minutos\" \/>\n<script type=\"application\/ld+json\" class=\"yoast-schema-graph\">{\"@context\":\"https:\\\/\\\/schema.org\",\"@graph\":[{\"@type\":\"WebPage\",\"@id\":\"https:\\\/\\\/www.dfelectric.es\\\/es\\\/nota-legal\\\/\",\"url\":\"https:\\\/\\\/www.dfelectric.es\\\/es\\\/nota-legal\\\/\",\"name\":\"Nota legal - DF Electric | Smart solutions in electrical protection\",\"isPartOf\":{\"@id\":\"https:\\\/\\\/www.dfelectric.es\\\/#website\"},\"primaryImageOfPage\":{\"@id\":\"https:\\\/\\\/www.dfelectric.es\\\/es\\\/nota-legal\\\/#primaryimage\"},\"image\":{\"@id\":\"https:\\\/\\\/www.dfelectric.es\\\/es\\\/nota-legal\\\/#primaryimage\"},\"thumbnailUrl\":\"https:\\\/\\\/www.dfelectric.es\\\/wp-content\\\/uploads\\\/2021\\\/11\\\/company-legal-note-featured-image-dfelectric.jpg\",\"datePublished\":\"2021-11-24T09:14:44+00:00\",\"dateModified\":\"2022-08-04T16:02:22+00:00\",\"breadcrumb\":{\"@id\":\"https:\\\/\\\/www.dfelectric.es\\\/es\\\/nota-legal\\\/#breadcrumb\"},\"inLanguage\":\"es\",\"potentialAction\":[{\"@type\":\"ReadAction\",\"target\":[\"https:\\\/\\\/www.dfelectric.es\\\/es\\\/nota-legal\\\/\"]}]},{\"@type\":\"ImageObject\",\"inLanguage\":\"es\",\"@id\":\"https:\\\/\\\/www.dfelectric.es\\\/es\\\/nota-legal\\\/#primaryimage\",\"url\":\"https:\\\/\\\/www.dfelectric.es\\\/wp-content\\\/uploads\\\/2021\\\/11\\\/company-legal-note-featured-image-dfelectric.jpg\",\"contentUrl\":\"https:\\\/\\\/www.dfelectric.es\\\/wp-content\\\/uploads\\\/2021\\\/11\\\/company-legal-note-featured-image-dfelectric.jpg\",\"width\":1920,\"height\":1280},{\"@type\":\"BreadcrumbList\",\"@id\":\"https:\\\/\\\/www.dfelectric.es\\\/es\\\/nota-legal\\\/#breadcrumb\",\"itemListElement\":[{\"@type\":\"ListItem\",\"position\":1,\"name\":\"Home\",\"item\":\"https:\\\/\\\/www.dfelectric.es\\\/es\\\/\"},{\"@type\":\"ListItem\",\"position\":2,\"name\":\"Nota legal\"}]},{\"@type\":\"WebSite\",\"@id\":\"https:\\\/\\\/www.dfelectric.es\\\/#website\",\"url\":\"https:\\\/\\\/www.dfelectric.es\\\/\",\"name\":\"DF Electric | Smart solutions in electrical protection\",\"description\":\"Fuse links and fuse holders manufacturer\",\"publisher\":{\"@id\":\"https:\\\/\\\/www.dfelectric.es\\\/#organization\"},\"potentialAction\":[{\"@type\":\"SearchAction\",\"target\":{\"@type\":\"EntryPoint\",\"urlTemplate\":\"https:\\\/\\\/www.dfelectric.es\\\/?s={search_term_string}\"},\"query-input\":{\"@type\":\"PropertyValueSpecification\",\"valueRequired\":true,\"valueName\":\"search_term_string\"}}],\"inLanguage\":\"es\"},{\"@type\":\"Organization\",\"@id\":\"https:\\\/\\\/www.dfelectric.es\\\/#organization\",\"name\":\"DF Electric | Smart solutions in electrical protection\",\"url\":\"https:\\\/\\\/www.dfelectric.es\\\/\",\"logo\":{\"@type\":\"ImageObject\",\"inLanguage\":\"es\",\"@id\":\"https:\\\/\\\/www.dfelectric.es\\\/#\\\/schema\\\/logo\\\/image\\\/\",\"url\":\"https:\\\/\\\/www.dfelectric.es\\\/wp-content\\\/uploads\\\/2020\\\/10\\\/logo-dfelectric-retina.png\",\"contentUrl\":\"https:\\\/\\\/www.dfelectric.es\\\/wp-content\\\/uploads\\\/2020\\\/10\\\/logo-dfelectric-retina.png\",\"width\":600,\"height\":252,\"caption\":\"DF Electric | Smart solutions in electrical protection\"},\"image\":{\"@id\":\"https:\\\/\\\/www.dfelectric.es\\\/#\\\/schema\\\/logo\\\/image\\\/\"}}]}<\/script>\n<!-- \/ Yoast SEO plugin. -->","yoast_head_json":{"title":"Nota legal - DF Electric | Smart solutions in electrical protection","robots":{"index":"index","follow":"follow","max-snippet":"max-snippet:-1","max-image-preview":"max-image-preview:large","max-video-preview":"max-video-preview:-1"},"canonical":"https:\/\/www.dfelectric.es\/es\/nota-legal\/","og_locale":"es_ES","og_type":"article","og_title":"Nota legal - DF Electric | Smart solutions in electrical protection","og_description":"[vc_row row_height_percent=\u00bb50&#8243; override_padding=\u00bbyes\u00bb h_padding=\u00bb2&#8243; top_padding=\u00bb3&#8243; bottom_padding=\u00bb3&#8243; back_color=\u00bbcolor-xsdn\u00bb back_image=\u00bb103328&#8243; back_position=\u00bbcenter center\u00bb parallax=\u00bbyes\u00bb kburns=\u00bbyes\u00bb overlay_color=\u00bbcolor-xsdn\u00bb overlay_alpha=\u00bb90&#8243; gutter_size=\u00bb3&#8243; column_width_percent=\u00bb100&#8243; shift_y=\u00bb0&#8243; z_index=\u00bb0&#8243; uncode_shortcode_id=\u00bb210380&#8243; back_color_type=\u00bbuncode-palette\u00bb [&hellip;]","og_url":"https:\/\/www.dfelectric.es\/es\/nota-legal\/","og_site_name":"DF Electric | Smart solutions in electrical protection","article_modified_time":"2022-08-04T16:02:22+00:00","og_image":[{"width":1920,"height":1280,"url":"https:\/\/www.dfelectric.es\/wp-content\/uploads\/2021\/11\/company-legal-note-featured-image-dfelectric.jpg","type":"image\/jpeg"}],"twitter_card":"summary_large_image","twitter_misc":{"Tiempo de lectura":"2 minutos"},"schema":{"@context":"https:\/\/schema.org","@graph":[{"@type":"WebPage","@id":"https:\/\/www.dfelectric.es\/es\/nota-legal\/","url":"https:\/\/www.dfelectric.es\/es\/nota-legal\/","name":"Nota legal - DF Electric | Smart solutions in electrical protection","isPartOf":{"@id":"https:\/\/www.dfelectric.es\/#website"},"primaryImageOfPage":{"@id":"https:\/\/www.dfelectric.es\/es\/nota-legal\/#primaryimage"},"image":{"@id":"https:\/\/www.dfelectric.es\/es\/nota-legal\/#primaryimage"},"thumbnailUrl":"https:\/\/www.dfelectric.es\/wp-content\/uploads\/2021\/11\/company-legal-note-featured-image-dfelectric.jpg","datePublished":"2021-11-24T09:14:44+00:00","dateModified":"2022-08-04T16:02:22+00:00","breadcrumb":{"@id":"https:\/\/www.dfelectric.es\/es\/nota-legal\/#breadcrumb"},"inLanguage":"es","potentialAction":[{"@type":"ReadAction","target":["https:\/\/www.dfelectric.es\/es\/nota-legal\/"]}]},{"@type":"ImageObject","inLanguage":"es","@id":"https:\/\/www.dfelectric.es\/es\/nota-legal\/#primaryimage","url":"https:\/\/www.dfelectric.es\/wp-content\/uploads\/2021\/11\/company-legal-note-featured-image-dfelectric.jpg","contentUrl":"https:\/\/www.dfelectric.es\/wp-content\/uploads\/2021\/11\/company-legal-note-featured-image-dfelectric.jpg","width":1920,"height":1280},{"@type":"BreadcrumbList","@id":"https:\/\/www.dfelectric.es\/es\/nota-legal\/#breadcrumb","itemListElement":[{"@type":"ListItem","position":1,"name":"Home","item":"https:\/\/www.dfelectric.es\/es\/"},{"@type":"ListItem","position":2,"name":"Nota legal"}]},{"@type":"WebSite","@id":"https:\/\/www.dfelectric.es\/#website","url":"https:\/\/www.dfelectric.es\/","name":"DF Electric | Smart solutions in electrical protection","description":"Fuse links and fuse holders manufacturer","publisher":{"@id":"https:\/\/www.dfelectric.es\/#organization"},"potentialAction":[{"@type":"SearchAction","target":{"@type":"EntryPoint","urlTemplate":"https:\/\/www.dfelectric.es\/?s={search_term_string}"},"query-input":{"@type":"PropertyValueSpecification","valueRequired":true,"valueName":"search_term_string"}}],"inLanguage":"es"},{"@type":"Organization","@id":"https:\/\/www.dfelectric.es\/#organization","name":"DF Electric | Smart solutions in electrical protection","url":"https:\/\/www.dfelectric.es\/","logo":{"@type":"ImageObject","inLanguage":"es","@id":"https:\/\/www.dfelectric.es\/#\/schema\/logo\/image\/","url":"https:\/\/www.dfelectric.es\/wp-content\/uploads\/2020\/10\/logo-dfelectric-retina.png","contentUrl":"https:\/\/www.dfelectric.es\/wp-content\/uploads\/2020\/10\/logo-dfelectric-retina.png","width":600,"height":252,"caption":"DF Electric | Smart solutions in electrical protection"},"image":{"@id":"https:\/\/www.dfelectric.es\/#\/schema\/logo\/image\/"}}]}},"_links":{"self":[{"href":"https:\/\/www.dfelectric.es\/es\/wp-json\/wp\/v2\/pages\/108365","targetHints":{"allow":["GET"]}}],"collection":[{"href":"https:\/\/www.dfelectric.es\/es\/wp-json\/wp\/v2\/pages"}],"about":[{"href":"https:\/\/www.dfelectric.es\/es\/wp-json\/wp\/v2\/types\/page"}],"author":[{"embeddable":true,"href":"https:\/\/www.dfelectric.es\/es\/wp-json\/wp\/v2\/users\/1"}],"replies":[{"embeddable":true,"href":"https:\/\/www.dfelectric.es\/es\/wp-json\/wp\/v2\/comments?post=108365"}],"version-history":[{"count":0,"href":"https:\/\/www.dfelectric.es\/es\/wp-json\/wp\/v2\/pages\/108365\/revisions"}],"wp:featuredmedia":[{"embeddable":true,"href":"https:\/\/www.dfelectric.es\/es\/wp-json\/wp\/v2\/media\/106007"}],"wp:attachment":[{"href":"https:\/\/www.dfelectric.es\/es\/wp-json\/wp\/v2\/media?parent=108365"}],"curies":[{"name":"wp","href":"https:\/\/api.w.org\/{rel}","templated":true}]}}