{"id":108356,"date":"2021-11-24T08:19:14","date_gmt":"2021-11-24T08:19:14","guid":{"rendered":"https:\/\/www.dfelectric.es\/privacy-policy\/"},"modified":"2025-08-04T11:17:52","modified_gmt":"2025-08-04T11:17:52","slug":"politica-de-privacidad","status":"publish","type":"page","link":"https:\/\/www.dfelectric.es\/es\/politica-de-privacidad\/","title":{"rendered":"Pol\u00edtica de privacidad"},"content":{"rendered":"<div class=\"wpb-content-wrapper\"><p>[vc_row row_height_percent=\u00bb50&#8243; override_padding=\u00bbyes\u00bb h_padding=\u00bb2&#8243; top_padding=\u00bb3&#8243; bottom_padding=\u00bb3&#8243; back_color=\u00bbcolor-xsdn\u00bb back_image=\u00bb103321&#8243; back_position=\u00bbcenter top\u00bb parallax=\u00bbyes\u00bb kburns=\u00bbyes\u00bb overlay_color=\u00bbcolor-xsdn\u00bb overlay_alpha=\u00bb90&#8243; gutter_size=\u00bb3&#8243; column_width_percent=\u00bb100&#8243; shift_y=\u00bb0&#8243; z_index=\u00bb0&#8243; uncode_shortcode_id=\u00bb578918&#8243; back_color_type=\u00bbuncode-palette\u00bb overlay_color_type=\u00bbuncode-palette\u00bb][vc_column column_width_percent=\u00bb100&#8243; position_vertical=\u00bbbottom\u00bb gutter_size=\u00bb3&#8243; style=\u00bblight\u00bb overlay_alpha=\u00bb50&#8243; shift_x=\u00bb0&#8243; shift_y=\u00bb0&#8243; shift_y_down=\u00bb0&#8243; z_index=\u00bb0&#8243; medium_width=\u00bb0&#8243; mobile_width=\u00bb0&#8243; zoom_width=\u00bb0&#8243; zoom_height=\u00bb0&#8243; width=\u00bb1\/1&#8243; uncode_shortcode_id=\u00bb336726&#8243;][vc_custom_heading heading_semantic=\u00bbh1&#8243; text_font=\u00bbfont-762333&#8243; text_size=\u00bbfontsize-338686&#8243; text_weight=\u00bb900&#8243; text_height=\u00bbfontheight-179065&#8243; sub_reduced=\u00bbyes\u00bb uncode_shortcode_id=\u00bb212369&#8243;]Pol\u00edtica<br \/>\nde privacidad.[\/vc_custom_heading][\/vc_column][\/vc_row][vc_row row_height_percent=\u00bb0&#8243; override_padding=\u00bbyes\u00bb h_padding=\u00bb2&#8243; top_padding=\u00bb3&#8243; bottom_padding=\u00bb3&#8243; overlay_color=\u00bbcolor-xsdn\u00bb overlay_alpha=\u00bb70&#8243; gutter_size=\u00bb100&#8243; border_color=\u00bbcolor-gyho\u00bb border_style=\u00bbsolid\u00bb shift_y=\u00bb0&#8243; style=\u00bbinherited\u00bb row_name=\u00bbWelcome\u00bb css=\u00bb.vc_custom_1438176136018{border-bottom-width: 1px !important;}\u00bb][vc_column column_width_percent=\u00bb100&#8243; gutter_size=\u00bb1&#8243; overlay_alpha=\u00bb50&#8243; shift_x=\u00bb0&#8243; shift_y=\u00bb0&#8243; z_index=\u00bb0&#8243; medium_width=\u00bb0&#8243; width=\u00bb1\/1&#8243;][vc_column_text uncode_shortcode_id=\u00bb127472&#8243;]<\/p>\n<h2><strong>Introducci\u00f3n<\/strong><\/h2>\n<p>Esta Pol\u00edtica de Privacidad ha sido desarrollada teniendo en cuenta lo dispuesto en la Ley Org\u00e1nica de Protecci\u00f3n de Datos de Car\u00e1cter Personal vigente y en vigor, as\u00ed como por el Reglamento 2016\/679 del Parlamento Europeo y del Consejo, de 27 de abril de 2016, relativo a la protecci\u00f3n de las personas f\u00edsicas. en lo que respecta al tratamiento de datos personales y a la circulaci\u00f3n de estos datos, en adelante denominado RGPD (Reglamento General de Protecci\u00f3n de Datos).<\/p>\n<p>Esta Pol\u00edtica de Privacidad tiene como finalidad informar a los titulares de datos personales, de los cuales se est\u00e1 recabando informaci\u00f3n, de los aspectos espec\u00edficos relacionados con el tratamiento de sus datos, entre otros, las finalidades del tratamiento de datos, informaci\u00f3n de contacto para ejercer los derechos que atender al usuario, el plazo de conservaci\u00f3n de los datos y las medidas de seguridad, entre otros.<\/p>\n<p>&nbsp;<\/p>\n<h2><strong>Responsable del Tratamiento de Datos<\/strong><\/h2>\n<p>En materia de protecci\u00f3n de datos, DF Electric, S.A.\u00a0debe tener la consideraci\u00f3n de Responsable del Tratamiento de Datos, en relaci\u00f3n con los ficheros o tratamientos identificados en esta pol\u00edtica, concretamente en el apartado Tratamiento de Datos.<\/p>\n<p>A continuaci\u00f3n se exponen los datos identificativos del titular de este sitio web:<\/p>\n<p>Responsable del Tratamiento: DF Electric, S.A.<\/p>\n<p>Direcci\u00f3n Postal: Calle SILICI, 67-6, 08940, CORNELLA DE LLOBREGAT, (Barcelona).<\/p>\n<p>Direcci\u00f3n de correo electr\u00f3nico: <a href=\"mailto:it@dfelectric.es\">it@dfelectric.es<\/a><\/p>\n<p>&nbsp;<\/p>\n<h2><strong>Delegado de protecci\u00f3n de datos<\/strong><\/h2>\n<p>La persona designada para ejercer las funciones de delegado de protecci\u00f3n de datos en DF Electric, S.A. es BARTOLI, JORDI cuyos datos identificativos son los siguientes:<\/p>\n<p>&nbsp;<\/p>\n<p>Direcci\u00f3n Postal: Calle SILICI, 67-6<\/p>\n<p>Tel\u00e9fono: 933778585<\/p>\n<p>Correo electr\u00f3nico: <a href=\"mailto:it@dfelectric.es\">it@dfelectric.es<\/a><\/p>\n<p><strong>\u00a0<\/strong><\/p>\n<h2><strong>Procesamiento de datos<\/strong><\/h2>\n<p>Los datos personales solicitados, en su caso, consistir\u00e1n \u00fanicamente en los estrictamente necesarios para identificar y atender la solicitud realizada por su titular, en adelante el interesado. Esta informaci\u00f3n ser\u00e1 tratada de manera leal, l\u00edcita y transparente en relaci\u00f3n con el interesado. Asimismo, los datos personales ser\u00e1n recabados con finalidades expl\u00edcitas y leg\u00edtimas, no siendo tratados ulteriormente de forma incompatible con dichas finalidades.<\/p>\n<p>Los datos recabados de cada interesado ser\u00e1n los adecuados, pertinentes y no excesivos en relaci\u00f3n con las finalidades correspondientes a cada caso y ser\u00e1n actualizados siempre que sea necesario.<\/p>\n<p><em><br \/>\nFinalidades del tratamiento de los datos.\u00a0<\/em>El titular de los datos ser\u00e1 informado, con car\u00e1cter previo a la recogida de sus datos, de las finalidades generales reguladas en la presente pol\u00edtica a fin de poder prestar el consentimiento expreso, preciso e inequ\u00edvoco para la tratamiento de sus datos, de acuerdo con los siguientes aspectos.<\/p>\n<p>Las finalidades expl\u00edcitas para las que se realizan cada uno de los procesos se recogen en las cl\u00e1usulas informativas incluidas en cada uno de los canales de adquisici\u00f3n de datos (formularios web, formularios en papel, grabaci\u00f3n de voz, o carteles y notas informativas).<\/p>\n<p>No obstante, los datos personales del interesado ser\u00e1n tratados con la \u00fanica finalidad de dar una respuesta eficaz y atender las solicitudes formuladas por el usuario, especificadas junto a la opci\u00f3n, servicio, formulario o sistema de adquisici\u00f3n de datos que utiliza el titular.<\/p>\n<p>&nbsp;<\/p>\n<p><strong><em>Legitimaci\u00f3n<\/em><\/strong><\/p>\n<p>Como norma general, previo al tratamiento de los datos personales, DF Electric, S.A. obtiene el consentimiento expreso e inequ\u00edvoco del titular de los mismos, mediante la incorporaci\u00f3n de cl\u00e1usulas de consentimiento informado en los diferentes sistemas de recogida de informaci\u00f3n.<\/p>\n<p>No obstante, si no se requiere el consentimiento del interesado, la base legitimadora del tratamiento en el que DF Electric, S.A. es la existencia de una ley o reglamento espec\u00edfico que autorice o exija el tratamiento de los datos del interesado.<\/p>\n<p>&nbsp;<\/p>\n<p><strong><em>Destinatarios<\/em><\/strong><\/p>\n<p>Con car\u00e1cter general, DF Electric, S.A. no procede a la cesi\u00f3n o comunicaci\u00f3n de los datos a terceros, salvo los legalmente exigidos. No obstante, en caso de ser necesario, dichas cesiones o comunicaciones de datos son informadas al interesado a trav\u00e9s de las cl\u00e1usulas de consentimiento informado contenidas en los diferentes canales de adquisici\u00f3n de datos personales.<\/p>\n<p>&nbsp;<\/p>\n<p><strong><em>Or\u00edgen<\/em><\/strong><\/p>\n<p>Por regla general, los datos personales se recogen siempre directamente del interesado. No obstante, en determinadas excepciones, los datos podr\u00e1n ser recabados a trav\u00e9s de terceras personas, entidades o servicios distintos del interesado. En este sentido, este fin se trasladar\u00e1 al interesado a trav\u00e9s de las cl\u00e1usulas de consentimiento informado contenidas en los distintos canales de adquisici\u00f3n de informaci\u00f3n y en un plazo razonable, una vez obtenidos los datos, y como m\u00e1ximo en el plazo de un mes.<\/p>\n<p>&nbsp;<\/p>\n<p><strong><em>L\u00edmites de tiempo para el almacenamiento de datos<\/em><\/strong><\/p>\n<p>La informaci\u00f3n recabada del interesado se conservar\u00e1 mientras sea necesaria para cumplir con la finalidad para la que se recabaron los datos personales, por lo que, una vez cumplida la finalidad, los datos ser\u00e1n cancelados. Dicha cancelaci\u00f3n dar\u00e1 lugar al bloqueo de los datos que se conservan \u00fanicamente para su puesta a disposici\u00f3n de las Administraciones P\u00fablicas, Jueces y Tribunales, para atender las posibles responsabilidades nacidas del tratamiento, durante el plazo de prescripci\u00f3n de estos datos, y una vez finalizada la transcurrido dicho plazo, la informaci\u00f3n ser\u00e1 destruida.<\/p>\n<p>A t\u00edtulo informativo, a continuaci\u00f3n se detallan los plazos legales para el almacenamiento de informaci\u00f3n en relaci\u00f3n con distintas materias:<\/p>\n<p>&nbsp;<\/p>\n<table width=\"100%\">\n<tbody>\n<tr>\n<td width=\"249\">DOCUMENTO<\/td>\n<td width=\"152\">L\u00cdMITE DE TIEMPO<\/td>\n<td width=\"307\">REF. LEGAL<\/td>\n<\/tr>\n<tr>\n<td width=\"249\">Documentaci\u00f3n relacionada con el empleo o con la seguridad social<\/td>\n<td width=\"152\">4 a\u00f1os<\/td>\n<td width=\"307\">Art\u00edculo 21 del Real Decreto Legislativo 5\/2000, de 4 de agosto, por el que se aprueba el texto refundido de la Ley sobre Infracciones y Sanciones en el Orden Social jur\u00eddico<\/td>\n<\/tr>\n<tr>\n<td width=\"249\">Documentaci\u00f3n contable y fiscal a efectos mercantiles<\/td>\n<td width=\"152\">6 a\u00f1os<\/td>\n<td width=\"307\">Arte. 30 C\u00f3digo de Comercio<\/td>\n<\/tr>\n<tr>\n<td width=\"249\">Documentaci\u00f3n contable y fiscal a efectos fiscales<\/td>\n<td width=\"152\">4 a\u00f1os<\/td>\n<td width=\"307\">Art\u00edculos 66 a 70 Ley General Tributaria<\/td>\n<\/tr>\n<tr>\n<td width=\"249\">Control de acceso a edificios<\/td>\n<td width=\"152\">1 mes<\/td>\n<td width=\"307\">Instrucci\u00f3n 1\/1996 de la Agencia Espa\u00f1ola de Protecci\u00f3n de Datos (AEPD)<\/td>\n<\/tr>\n<tr>\n<td width=\"249\">Video vigilancia<\/td>\n<td width=\"152\">1 mes<\/td>\n<td width=\"307\">Instrucci\u00f3n 1\/2006 de la Agencia Espa\u00f1ola de Protecci\u00f3n de Datos (AEPD)<\/p>\n<p>Ley Org\u00e1nica 4\/1997<\/td>\n<\/tr>\n<\/tbody>\n<\/table>\n<p>&nbsp;<\/p>\n<h2><strong>Datos de navegaci\u00f3n<\/strong><\/h2>\n<p>In relation to the navigation data that can be processed through the website, if the data that are collected are subject to the regulations, we recommend consulting the Cookies Policy published on our website.<\/p>\n<p>&nbsp;<\/p>\n<h2><strong>Derechos de las partes interesadas<\/strong><\/h2>\n<p>La normativa en protecci\u00f3n de datos otorga una serie de derechos a los interesados o titulares de los datos, usuarios del sitio web, o usuarios de los perfiles de las redes sociales de DF Electric, S.A.<\/p>\n<p>Estos derechos que asisten a las partes interesadas son los siguientes:<\/p>\n<ul>\n<li>Derecho de acceso: derecho a obtener informaci\u00f3n sobre si sus propios datos est\u00e1n siendo tratados, la finalidad del tratamiento que se est\u00e9 realizando, las categor\u00edas de datos de que se trate, los destinatarios o categor\u00edas de destinatarios de los datos, los plazos de conservaci\u00f3n de los datos y el origen de dichos datos.<\/li>\n<li>Derecho de rectificaci\u00f3n: derecho a realizar la rectificaci\u00f3n de los datos personales inexactos o incompletos.<\/li>\n<li>Derecho de supresi\u00f3n: derecho a realizar la supresi\u00f3n de los datos en los siguientes supuestos:\n<ul>\n<li>Cuando los datos ya no sean necesarios para los fines para los que fueron recabados<\/li>\n<li>Cuando el titular de la misma retire el consentimiento<\/li>\n<li>Cuando el interesado se opone al tratamiento de los datos<\/li>\n<li>Cuando deba suprimirse en cumplimiento de una obligaci\u00f3n legal<\/li>\n<li>Cuando los datos hayan sido obtenidos mediante un servicio de la sociedad de la informaci\u00f3n en base a lo dispuesto en el art. 8 seg. 1 del Reglamento Europeo de Protecci\u00f3n de Datos.<\/li>\n<\/ul>\n<\/li>\n<li>Derecho de oposici\u00f3n: derecho a oponerse a un tratamiento espec\u00edfico basado en el consentimiento del interesado.<\/li>\n<li>Derecho a la limitaci\u00f3n: derecho a limitar el tratamiento de los datos en alguna de las siguientes situaciones:\n<ul>\n<li>Cuando el interesado impugne la exactitud de los datos personales, durante un plazo que permita a la empresa verificar la exactitud de los mismos.<\/li>\n<li>Cuando el tratamiento sea il\u00edcito y el interesado se oponga a la supresi\u00f3n de los datos.<\/li>\n<li>Cuando la empresa ya no necesite los datos para los fines que fueron recabados, pero el interesado los necesite para la formulaci\u00f3n, el ejercicio o la defensa de reclamaciones.<\/li>\n<li>Cuando el interesado se haya opuesto al tratamiento de los datos mientras se verifica si los motivos leg\u00edtimos de la empresa prevalecen sobre los del interesado.<\/li>\n<\/ul>\n<\/li>\n<\/ul>\n<ul>\n<li>Derecho a la transferibilidad: derecho a obtener los datos en un formato estructurado, de uso com\u00fan y lectura mec\u00e1nica, y a transmitirlos a otro delegado de protecci\u00f3n de datos cuando:\n<ul>\n<li>El tratamiento se basa en el consentimiento.<\/li>\n<li>El tratamiento se realiza por medios automatizados<\/li>\n<\/ul>\n<\/li>\n<\/ul>\n<ul>\n<li>Derecho a presentar una reclamaci\u00f3n ante la autoridad de control competente<\/li>\n<\/ul>\n<p>&nbsp;<\/p>\n<p>Los interesados podr\u00e1n ejercitar los derechos indicados dirigi\u00e9ndose por escrito a DF Electric, S.A. a la siguiente direcci\u00f3n: <a href=\"mailto:it@dfelectric.es\">it@dfelectric.es<\/a>, indicando en Asunto el derecho que desea ejercer.<\/p>\n<p>De esta forma, D.F.S.A. atender\u00e1 su solicitud a la mayor brevedad teniendo en cuenta los plazos previstos en la normativa sobre protecci\u00f3n de datos.<\/p>\n<p>&nbsp;<\/p>\n<h2><strong>Seguridad<\/strong><\/h2>\n<p>Las medidas de seguridad adoptadas por DF Electric, S.A. son las requeridas, de conformidad con lo dispuesto en el art\u00edculo 32 del RGPD. En este sentido, DF Electric, S.A., teniendo en cuenta el estado de la tecnolog\u00eda, los costes de aplicaci\u00f3n, y la naturaleza, alcance, contexto y fines del tratamiento de datos, as\u00ed como los riesgos de probabilidad variable y gravedad de los derechos y libertades de las personas f\u00edsicas, ha establecido las medidas t\u00e9cnicas y organizativas adecuadas para garantizar el nivel de seguridad adecuado al riesgo existente.<\/p>\n<p>In any case, DF Electric, S.A. has enough mechanisms in place to:<\/p>\n<ol>\n<li>Guarantee the permanent confidentiality, integrity, availability, and resilience of data processing systems and services.<\/li>\n<li>Quickly restore availability and access to personal data, in case of physical or technical incidents.<\/li>\n<li>Regularly verify, evaluate, and assess the effectiveness of the technical and organizational measures put in place to guarantee the safety of the data processing.<\/li>\n<li>Use pseudonyms and encryptions for personal data, if applicable.<\/li>\n<\/ol>\n<p>[\/vc_column_text][\/vc_column][\/vc_row]<\/p>\n<\/div>","protected":false},"excerpt":{"rendered":"<p>[vc_row row_height_percent=\u00bb50&#8243; override_padding=\u00bbyes\u00bb h_padding=\u00bb2&#8243; top_padding=\u00bb3&#8243; bottom_padding=\u00bb3&#8243; back_color=\u00bbcolor-xsdn\u00bb back_image=\u00bb103321&#8243; back_position=\u00bbcenter top\u00bb parallax=\u00bbyes\u00bb kburns=\u00bbyes\u00bb overlay_color=\u00bbcolor-xsdn\u00bb overlay_alpha=\u00bb90&#8243; gutter_size=\u00bb3&#8243; column_width_percent=\u00bb100&#8243; shift_y=\u00bb0&#8243; z_index=\u00bb0&#8243; uncode_shortcode_id=\u00bb578918&#8243; back_color_type=\u00bbuncode-palette\u00bb [&hellip;]<\/p>\n","protected":false},"author":1,"featured_media":106005,"parent":0,"menu_order":0,"comment_status":"closed","ping_status":"closed","template":"","meta":{"footnotes":""},"class_list":["post-108356","page","type-page","status-publish","has-post-thumbnail","hentry"],"yoast_head":"<!-- This site is optimized with the Yoast SEO plugin v27.4 - https:\/\/yoast.com\/product\/yoast-seo-wordpress\/ -->\n<title>Pol\u00edtica de privacidad - DF Electric | Smart solutions in electrical protection<\/title>\n<meta name=\"robots\" content=\"index, follow, max-snippet:-1, max-image-preview:large, max-video-preview:-1\" \/>\n<link rel=\"canonical\" href=\"https:\/\/www.dfelectric.es\/es\/politica-de-privacidad\/\" \/>\n<meta property=\"og:locale\" content=\"es_ES\" \/>\n<meta property=\"og:type\" content=\"article\" \/>\n<meta property=\"og:title\" content=\"Pol\u00edtica de privacidad - DF Electric | Smart solutions in electrical protection\" \/>\n<meta property=\"og:description\" content=\"[vc_row row_height_percent=\u00bb50&#8243; override_padding=\u00bbyes\u00bb h_padding=\u00bb2&#8243; top_padding=\u00bb3&#8243; bottom_padding=\u00bb3&#8243; back_color=\u00bbcolor-xsdn\u00bb back_image=\u00bb103321&#8243; back_position=\u00bbcenter top\u00bb parallax=\u00bbyes\u00bb kburns=\u00bbyes\u00bb overlay_color=\u00bbcolor-xsdn\u00bb overlay_alpha=\u00bb90&#8243; gutter_size=\u00bb3&#8243; column_width_percent=\u00bb100&#8243; shift_y=\u00bb0&#8243; z_index=\u00bb0&#8243; uncode_shortcode_id=\u00bb578918&#8243; back_color_type=\u00bbuncode-palette\u00bb [&hellip;]\" \/>\n<meta property=\"og:url\" content=\"https:\/\/www.dfelectric.es\/es\/politica-de-privacidad\/\" \/>\n<meta property=\"og:site_name\" content=\"DF Electric | Smart solutions in electrical protection\" \/>\n<meta property=\"article:modified_time\" content=\"2025-08-04T11:17:52+00:00\" \/>\n<meta property=\"og:image\" content=\"https:\/\/www.dfelectric.es\/wp-content\/uploads\/2021\/11\/company-privacy-policy-featured-image-dfelectric.jpg\" \/>\n\t<meta property=\"og:image:width\" content=\"1920\" \/>\n\t<meta property=\"og:image:height\" content=\"1280\" \/>\n\t<meta property=\"og:image:type\" content=\"image\/jpeg\" \/>\n<meta name=\"twitter:card\" content=\"summary_large_image\" \/>\n<meta name=\"twitter:label1\" content=\"Tiempo de lectura\" \/>\n\t<meta name=\"twitter:data1\" content=\"8 minutos\" \/>\n<script type=\"application\/ld+json\" class=\"yoast-schema-graph\">{\"@context\":\"https:\\\/\\\/schema.org\",\"@graph\":[{\"@type\":\"WebPage\",\"@id\":\"https:\\\/\\\/www.dfelectric.es\\\/es\\\/politica-de-privacidad\\\/\",\"url\":\"https:\\\/\\\/www.dfelectric.es\\\/es\\\/politica-de-privacidad\\\/\",\"name\":\"Pol\u00edtica de privacidad - DF Electric | Smart solutions in electrical protection\",\"isPartOf\":{\"@id\":\"https:\\\/\\\/www.dfelectric.es\\\/#website\"},\"primaryImageOfPage\":{\"@id\":\"https:\\\/\\\/www.dfelectric.es\\\/es\\\/politica-de-privacidad\\\/#primaryimage\"},\"image\":{\"@id\":\"https:\\\/\\\/www.dfelectric.es\\\/es\\\/politica-de-privacidad\\\/#primaryimage\"},\"thumbnailUrl\":\"https:\\\/\\\/www.dfelectric.es\\\/wp-content\\\/uploads\\\/2021\\\/11\\\/company-privacy-policy-featured-image-dfelectric.jpg\",\"datePublished\":\"2021-11-24T08:19:14+00:00\",\"dateModified\":\"2025-08-04T11:17:52+00:00\",\"breadcrumb\":{\"@id\":\"https:\\\/\\\/www.dfelectric.es\\\/es\\\/politica-de-privacidad\\\/#breadcrumb\"},\"inLanguage\":\"es\",\"potentialAction\":[{\"@type\":\"ReadAction\",\"target\":[\"https:\\\/\\\/www.dfelectric.es\\\/es\\\/politica-de-privacidad\\\/\"]}]},{\"@type\":\"ImageObject\",\"inLanguage\":\"es\",\"@id\":\"https:\\\/\\\/www.dfelectric.es\\\/es\\\/politica-de-privacidad\\\/#primaryimage\",\"url\":\"https:\\\/\\\/www.dfelectric.es\\\/wp-content\\\/uploads\\\/2021\\\/11\\\/company-privacy-policy-featured-image-dfelectric.jpg\",\"contentUrl\":\"https:\\\/\\\/www.dfelectric.es\\\/wp-content\\\/uploads\\\/2021\\\/11\\\/company-privacy-policy-featured-image-dfelectric.jpg\",\"width\":1920,\"height\":1280},{\"@type\":\"BreadcrumbList\",\"@id\":\"https:\\\/\\\/www.dfelectric.es\\\/es\\\/politica-de-privacidad\\\/#breadcrumb\",\"itemListElement\":[{\"@type\":\"ListItem\",\"position\":1,\"name\":\"Home\",\"item\":\"https:\\\/\\\/www.dfelectric.es\\\/es\\\/\"},{\"@type\":\"ListItem\",\"position\":2,\"name\":\"Pol\u00edtica de privacidad\"}]},{\"@type\":\"WebSite\",\"@id\":\"https:\\\/\\\/www.dfelectric.es\\\/#website\",\"url\":\"https:\\\/\\\/www.dfelectric.es\\\/\",\"name\":\"DF Electric | Smart solutions in electrical protection\",\"description\":\"Fuse links and fuse holders manufacturer\",\"publisher\":{\"@id\":\"https:\\\/\\\/www.dfelectric.es\\\/#organization\"},\"potentialAction\":[{\"@type\":\"SearchAction\",\"target\":{\"@type\":\"EntryPoint\",\"urlTemplate\":\"https:\\\/\\\/www.dfelectric.es\\\/?s={search_term_string}\"},\"query-input\":{\"@type\":\"PropertyValueSpecification\",\"valueRequired\":true,\"valueName\":\"search_term_string\"}}],\"inLanguage\":\"es\"},{\"@type\":\"Organization\",\"@id\":\"https:\\\/\\\/www.dfelectric.es\\\/#organization\",\"name\":\"DF Electric | Smart solutions in electrical protection\",\"url\":\"https:\\\/\\\/www.dfelectric.es\\\/\",\"logo\":{\"@type\":\"ImageObject\",\"inLanguage\":\"es\",\"@id\":\"https:\\\/\\\/www.dfelectric.es\\\/#\\\/schema\\\/logo\\\/image\\\/\",\"url\":\"https:\\\/\\\/www.dfelectric.es\\\/wp-content\\\/uploads\\\/2020\\\/10\\\/logo-dfelectric-retina.png\",\"contentUrl\":\"https:\\\/\\\/www.dfelectric.es\\\/wp-content\\\/uploads\\\/2020\\\/10\\\/logo-dfelectric-retina.png\",\"width\":600,\"height\":252,\"caption\":\"DF Electric | Smart solutions in electrical protection\"},\"image\":{\"@id\":\"https:\\\/\\\/www.dfelectric.es\\\/#\\\/schema\\\/logo\\\/image\\\/\"}}]}<\/script>\n<!-- \/ Yoast SEO plugin. -->","yoast_head_json":{"title":"Pol\u00edtica de privacidad - DF Electric | Smart solutions in electrical protection","robots":{"index":"index","follow":"follow","max-snippet":"max-snippet:-1","max-image-preview":"max-image-preview:large","max-video-preview":"max-video-preview:-1"},"canonical":"https:\/\/www.dfelectric.es\/es\/politica-de-privacidad\/","og_locale":"es_ES","og_type":"article","og_title":"Pol\u00edtica de privacidad - DF Electric | Smart solutions in electrical protection","og_description":"[vc_row row_height_percent=\u00bb50&#8243; override_padding=\u00bbyes\u00bb h_padding=\u00bb2&#8243; top_padding=\u00bb3&#8243; bottom_padding=\u00bb3&#8243; back_color=\u00bbcolor-xsdn\u00bb back_image=\u00bb103321&#8243; back_position=\u00bbcenter top\u00bb parallax=\u00bbyes\u00bb kburns=\u00bbyes\u00bb overlay_color=\u00bbcolor-xsdn\u00bb overlay_alpha=\u00bb90&#8243; gutter_size=\u00bb3&#8243; column_width_percent=\u00bb100&#8243; shift_y=\u00bb0&#8243; z_index=\u00bb0&#8243; uncode_shortcode_id=\u00bb578918&#8243; back_color_type=\u00bbuncode-palette\u00bb [&hellip;]","og_url":"https:\/\/www.dfelectric.es\/es\/politica-de-privacidad\/","og_site_name":"DF Electric | Smart solutions in electrical protection","article_modified_time":"2025-08-04T11:17:52+00:00","og_image":[{"width":1920,"height":1280,"url":"https:\/\/www.dfelectric.es\/wp-content\/uploads\/2021\/11\/company-privacy-policy-featured-image-dfelectric.jpg","type":"image\/jpeg"}],"twitter_card":"summary_large_image","twitter_misc":{"Tiempo de lectura":"8 minutos"},"schema":{"@context":"https:\/\/schema.org","@graph":[{"@type":"WebPage","@id":"https:\/\/www.dfelectric.es\/es\/politica-de-privacidad\/","url":"https:\/\/www.dfelectric.es\/es\/politica-de-privacidad\/","name":"Pol\u00edtica de privacidad - DF Electric | Smart solutions in electrical protection","isPartOf":{"@id":"https:\/\/www.dfelectric.es\/#website"},"primaryImageOfPage":{"@id":"https:\/\/www.dfelectric.es\/es\/politica-de-privacidad\/#primaryimage"},"image":{"@id":"https:\/\/www.dfelectric.es\/es\/politica-de-privacidad\/#primaryimage"},"thumbnailUrl":"https:\/\/www.dfelectric.es\/wp-content\/uploads\/2021\/11\/company-privacy-policy-featured-image-dfelectric.jpg","datePublished":"2021-11-24T08:19:14+00:00","dateModified":"2025-08-04T11:17:52+00:00","breadcrumb":{"@id":"https:\/\/www.dfelectric.es\/es\/politica-de-privacidad\/#breadcrumb"},"inLanguage":"es","potentialAction":[{"@type":"ReadAction","target":["https:\/\/www.dfelectric.es\/es\/politica-de-privacidad\/"]}]},{"@type":"ImageObject","inLanguage":"es","@id":"https:\/\/www.dfelectric.es\/es\/politica-de-privacidad\/#primaryimage","url":"https:\/\/www.dfelectric.es\/wp-content\/uploads\/2021\/11\/company-privacy-policy-featured-image-dfelectric.jpg","contentUrl":"https:\/\/www.dfelectric.es\/wp-content\/uploads\/2021\/11\/company-privacy-policy-featured-image-dfelectric.jpg","width":1920,"height":1280},{"@type":"BreadcrumbList","@id":"https:\/\/www.dfelectric.es\/es\/politica-de-privacidad\/#breadcrumb","itemListElement":[{"@type":"ListItem","position":1,"name":"Home","item":"https:\/\/www.dfelectric.es\/es\/"},{"@type":"ListItem","position":2,"name":"Pol\u00edtica de privacidad"}]},{"@type":"WebSite","@id":"https:\/\/www.dfelectric.es\/#website","url":"https:\/\/www.dfelectric.es\/","name":"DF Electric | Smart solutions in electrical protection","description":"Fuse links and fuse holders manufacturer","publisher":{"@id":"https:\/\/www.dfelectric.es\/#organization"},"potentialAction":[{"@type":"SearchAction","target":{"@type":"EntryPoint","urlTemplate":"https:\/\/www.dfelectric.es\/?s={search_term_string}"},"query-input":{"@type":"PropertyValueSpecification","valueRequired":true,"valueName":"search_term_string"}}],"inLanguage":"es"},{"@type":"Organization","@id":"https:\/\/www.dfelectric.es\/#organization","name":"DF Electric | Smart solutions in electrical protection","url":"https:\/\/www.dfelectric.es\/","logo":{"@type":"ImageObject","inLanguage":"es","@id":"https:\/\/www.dfelectric.es\/#\/schema\/logo\/image\/","url":"https:\/\/www.dfelectric.es\/wp-content\/uploads\/2020\/10\/logo-dfelectric-retina.png","contentUrl":"https:\/\/www.dfelectric.es\/wp-content\/uploads\/2020\/10\/logo-dfelectric-retina.png","width":600,"height":252,"caption":"DF Electric | Smart solutions in electrical protection"},"image":{"@id":"https:\/\/www.dfelectric.es\/#\/schema\/logo\/image\/"}}]}},"_links":{"self":[{"href":"https:\/\/www.dfelectric.es\/es\/wp-json\/wp\/v2\/pages\/108356","targetHints":{"allow":["GET"]}}],"collection":[{"href":"https:\/\/www.dfelectric.es\/es\/wp-json\/wp\/v2\/pages"}],"about":[{"href":"https:\/\/www.dfelectric.es\/es\/wp-json\/wp\/v2\/types\/page"}],"author":[{"embeddable":true,"href":"https:\/\/www.dfelectric.es\/es\/wp-json\/wp\/v2\/users\/1"}],"replies":[{"embeddable":true,"href":"https:\/\/www.dfelectric.es\/es\/wp-json\/wp\/v2\/comments?post=108356"}],"version-history":[{"count":0,"href":"https:\/\/www.dfelectric.es\/es\/wp-json\/wp\/v2\/pages\/108356\/revisions"}],"wp:featuredmedia":[{"embeddable":true,"href":"https:\/\/www.dfelectric.es\/es\/wp-json\/wp\/v2\/media\/106005"}],"wp:attachment":[{"href":"https:\/\/www.dfelectric.es\/es\/wp-json\/wp\/v2\/media?parent=108356"}],"curies":[{"name":"wp","href":"https:\/\/api.w.org\/{rel}","templated":true}]}}